{"id":4484,"date":"2017-08-09T07:23:25","date_gmt":"2017-08-09T05:23:25","guid":{"rendered":"http:\/\/www.heljesten.nu\/?page_id=4484"},"modified":"2017-08-09T09:54:52","modified_gmt":"2017-08-09T07:54:52","slug":"zetastar-yes-we-can","status":"publish","type":"page","link":"https:\/\/www.heljesten.nu\/?page_id=4484","title":{"rendered":"Zetastar Yes We Can \u2013 Sansa"},"content":{"rendered":"<p><img decoding=\"async\" loading=\"lazy\" class=\"aligncenter size-medium wp-image-4485\" src=\"http:\/\/www.heljesten.nu\/wp-content\/uploads\/2016\/06\/portr\u00e4tt_Sansa_RSM-300x300.jpg\" alt=\"portr\u00e4tt_Sansa_RSM\" width=\"300\" height=\"300\" srcset=\"https:\/\/www.heljesten.nu\/wp-content\/uploads\/2016\/06\/portr\u00e4tt_Sansa_RSM-300x300.jpg 300w, https:\/\/www.heljesten.nu\/wp-content\/uploads\/2016\/06\/portr\u00e4tt_Sansa_RSM-150x150.jpg 150w, https:\/\/www.heljesten.nu\/wp-content\/uploads\/2016\/06\/portr\u00e4tt_Sansa_RSM-768x768.jpg 768w, https:\/\/www.heljesten.nu\/wp-content\/uploads\/2016\/06\/portr\u00e4tt_Sansa_RSM-676x676.jpg 676w, https:\/\/www.heljesten.nu\/wp-content\/uploads\/2016\/06\/portr\u00e4tt_Sansa_RSM.jpg 960w\" sizes=\"(max-width: 300px) 100vw, 300px\" \/><\/p>\n<p><img decoding=\"async\" loading=\"lazy\" class=\"aligncenter size-medium wp-image-4526\" src=\"http:\/\/www.heljesten.nu\/wp-content\/uploads\/2016\/06\/sansa_r\u00f6nnb\u00e4r-2381-300x300.jpg\" alt=\"sansa_r\u00f6nnb\u00e4r-2381\" width=\"300\" height=\"300\" srcset=\"https:\/\/www.heljesten.nu\/wp-content\/uploads\/2016\/06\/sansa_r\u00f6nnb\u00e4r-2381-300x300.jpg 300w, https:\/\/www.heljesten.nu\/wp-content\/uploads\/2016\/06\/sansa_r\u00f6nnb\u00e4r-2381-150x150.jpg 150w, https:\/\/www.heljesten.nu\/wp-content\/uploads\/2016\/06\/sansa_r\u00f6nnb\u00e4r-2381-768x768.jpg 768w, https:\/\/www.heljesten.nu\/wp-content\/uploads\/2016\/06\/sansa_r\u00f6nnb\u00e4r-2381-676x676.jpg 676w, https:\/\/www.heljesten.nu\/wp-content\/uploads\/2016\/06\/sansa_r\u00f6nnb\u00e4r-2381.jpg 873w\" sizes=\"(max-width: 300px) 100vw, 300px\" \/><br \/>\n<img decoding=\"async\" loading=\"lazy\" class=\"aligncenter size-medium wp-image-4527\" src=\"http:\/\/www.heljesten.nu\/wp-content\/uploads\/2016\/06\/profil_sansa-2279-300x200.jpg\" alt=\"profil_sansa-2279\" width=\"300\" height=\"200\" srcset=\"https:\/\/www.heljesten.nu\/wp-content\/uploads\/2016\/06\/profil_sansa-2279-300x200.jpg 300w, https:\/\/www.heljesten.nu\/wp-content\/uploads\/2016\/06\/profil_sansa-2279-768x512.jpg 768w, https:\/\/www.heljesten.nu\/wp-content\/uploads\/2016\/06\/profil_sansa-2279-1024x683.jpg 1024w, https:\/\/www.heljesten.nu\/wp-content\/uploads\/2016\/06\/profil_sansa-2279-676x451.jpg 676w\" sizes=\"(max-width: 300px) 100vw, 300px\" \/><br \/>\n<img decoding=\"async\" loading=\"lazy\" class=\"aligncenter size-medium wp-image-4525\" src=\"http:\/\/www.heljesten.nu\/wp-content\/uploads\/2016\/06\/n\u00e4rbild_sansa2-2298-300x300.jpg\" alt=\"n\u00e4rbild_sansa2-2298\" width=\"300\" height=\"300\" srcset=\"https:\/\/www.heljesten.nu\/wp-content\/uploads\/2016\/06\/n\u00e4rbild_sansa2-2298-300x300.jpg 300w, https:\/\/www.heljesten.nu\/wp-content\/uploads\/2016\/06\/n\u00e4rbild_sansa2-2298-150x150.jpg 150w, https:\/\/www.heljesten.nu\/wp-content\/uploads\/2016\/06\/n\u00e4rbild_sansa2-2298-768x768.jpg 768w, https:\/\/www.heljesten.nu\/wp-content\/uploads\/2016\/06\/n\u00e4rbild_sansa2-2298-1024x1024.jpg 1024w, https:\/\/www.heljesten.nu\/wp-content\/uploads\/2016\/06\/n\u00e4rbild_sansa2-2298-676x676.jpg 676w, https:\/\/www.heljesten.nu\/wp-content\/uploads\/2016\/06\/n\u00e4rbild_sansa2-2298.jpg 1036w\" sizes=\"(max-width: 300px) 100vw, 300px\" \/><br \/>\nF\u00f6dd: 1 maj\u00a02016<\/p>\n<div>\n<p>Kennel:\u00a0Zetastar<\/p>\n<\/div>\n<div>\n<p>Efter: <strong>DKJCH DKBRCH SEJ(A)CH NOJCH NORDJCH Bjoljahn Maddox<\/strong>, till vardags Milo (uttalas Majlo p\u00e5 danska)<\/p>\n<\/div>\n<div>\n<p>Undan: <strong>SEJ(j)CH NO JCH Zetastar Mighty Cheyenne<\/strong>, v\u00e5r tr\u00e4ningskompis\u00a0Cheysie<\/p>\n<\/div>\n<div>\n<p>Flyttade hit: 26 juni 2016<\/p>\n<p>H\u00f6ftleder HD grad A, Armb\u00e5gar ED 0<\/p>\n<p><strong>2017<\/strong><\/p>\n<p>WT Ellboda 29 april \u2013\u00a076 p<\/p>\n<p>Unghundsderbyt 10 juni \u2013 69 p, 34:e-plats<\/p>\n<p>B-prov NKL i Kus\u00e5 5 augusti \u2013 1:a-pris<\/p>\n<p><img decoding=\"async\" loading=\"lazy\" class=\"aligncenter size-large wp-image-5261\" src=\"http:\/\/www.heljesten.nu\/wp-content\/uploads\/2017\/08\/2017-08-05-12.02.35-1024x762.jpg\" alt=\"\" width=\"676\" height=\"503\" srcset=\"https:\/\/www.heljesten.nu\/wp-content\/uploads\/2017\/08\/2017-08-05-12.02.35-1024x762.jpg 1024w, https:\/\/www.heljesten.nu\/wp-content\/uploads\/2017\/08\/2017-08-05-12.02.35-300x223.jpg 300w, https:\/\/www.heljesten.nu\/wp-content\/uploads\/2017\/08\/2017-08-05-12.02.35-768x571.jpg 768w, https:\/\/www.heljesten.nu\/wp-content\/uploads\/2017\/08\/2017-08-05-12.02.35-676x503.jpg 676w, https:\/\/www.heljesten.nu\/wp-content\/uploads\/2017\/08\/2017-08-05-12.02.35.jpg 1662w\" sizes=\"(max-width: 676px) 100vw, 676px\" \/><\/p>\n<\/div>\n","protected":false},"excerpt":{"rendered":"<p>F\u00f6dd: 1 maj\u00a02016 Kennel:\u00a0Zetastar Efter: DKJCH DKBRCH SEJ(A)CH NOJCH NORDJCH Bjoljahn Maddox, till vardags Milo (uttalas Majlo p\u00e5 danska) Undan: SEJ(j)CH NO JCH Zetastar Mighty Cheyenne, v\u00e5r tr\u00e4ningskompis\u00a0Cheysie Flyttade hit: 26 juni 2016 H\u00f6ftleder HD grad A, Armb\u00e5gar ED 0 2017 WT Ellboda 29 april \u2013\u00a076 p Unghundsderbyt 10 juni \u2013 69 p, 34:e-plats B-prov [&hellip;]<\/p>\n","protected":false},"author":1,"featured_media":0,"parent":0,"menu_order":4,"comment_status":"closed","ping_status":"closed","template":"","meta":[],"_links":{"self":[{"href":"https:\/\/www.heljesten.nu\/index.php?rest_route=\/wp\/v2\/pages\/4484"}],"collection":[{"href":"https:\/\/www.heljesten.nu\/index.php?rest_route=\/wp\/v2\/pages"}],"about":[{"href":"https:\/\/www.heljesten.nu\/index.php?rest_route=\/wp\/v2\/types\/page"}],"author":[{"embeddable":true,"href":"https:\/\/www.heljesten.nu\/index.php?rest_route=\/wp\/v2\/users\/1"}],"replies":[{"embeddable":true,"href":"https:\/\/www.heljesten.nu\/index.php?rest_route=%2Fwp%2Fv2%2Fcomments&post=4484"}],"version-history":[{"count":7,"href":"https:\/\/www.heljesten.nu\/index.php?rest_route=\/wp\/v2\/pages\/4484\/revisions"}],"predecessor-version":[{"id":5268,"href":"https:\/\/www.heljesten.nu\/index.php?rest_route=\/wp\/v2\/pages\/4484\/revisions\/5268"}],"wp:attachment":[{"href":"https:\/\/www.heljesten.nu\/index.php?rest_route=%2Fwp%2Fv2%2Fmedia&parent=4484"}],"curies":[{"name":"wp","href":"https:\/\/api.w.org\/{rel}","templated":true}]}}