{"id":3769,"date":"2014-01-08T10:01:44","date_gmt":"2014-01-08T09:01:44","guid":{"rendered":"http:\/\/www.heljesten.nu\/?page_id=3769"},"modified":"2014-01-08T10:01:44","modified_gmt":"2014-01-08T09:01:44","slug":"torsholma","status":"publish","type":"page","link":"https:\/\/www.heljesten.nu\/?page_id=3769","title":{"rendered":"Torsholma"},"content":{"rendered":"<p><a href=\"http:\/\/www.heljesten.nu\/wp-content\/uploads\/2013\/11\/110_Hem_271-365.jpg\"><img decoding=\"async\" loading=\"lazy\" class=\"aligncenter size-large wp-image-3433\" alt=\"110_Hem_271-365\" src=\"http:\/\/www.heljesten.nu\/wp-content\/uploads\/2013\/11\/110_Hem_271-365-1024x768.jpg\" width=\"640\" height=\"480\" srcset=\"https:\/\/www.heljesten.nu\/wp-content\/uploads\/2013\/11\/110_Hem_271-365-1024x768.jpg 1024w, https:\/\/www.heljesten.nu\/wp-content\/uploads\/2013\/11\/110_Hem_271-365-300x225.jpg 300w, https:\/\/www.heljesten.nu\/wp-content\/uploads\/2013\/11\/110_Hem_271-365-400x300.jpg 400w\" sizes=\"(max-width: 640px) 100vw, 640px\" \/><\/a><\/p>\n<p>&nbsp;<\/p>\n<p>Lite l\u00e4nkar i sammanfattning:<\/p>\n<p><a title=\"Torsholma \u2013 hallen\" href=\"http:\/\/www.heljesten.nu\/?p=3640\">Hallen<\/a><\/p>\n<p><a title=\"Torsholma \u2013 vardagsrummet\" href=\"http:\/\/www.heljesten.nu\/?p=3645\">Vardagsrummet<\/a><\/p>\n<p><a title=\"Torsholma \u2013 kontoret\" href=\"http:\/\/www.heljesten.nu\/?p=3648\">Kontoret<\/a><\/p>\n<p><a title=\"Torsholma \u2013 badrum\" href=\"http:\/\/www.heljesten.nu\/?p=3651\">Badrummet<\/a><\/p>\n<p><a title=\"Torsholma \u2013 k\u00f6k\" href=\"http:\/\/www.heljesten.nu\/?p=3654\">K\u00f6ket<\/a><\/p>\n<p><a title=\"Torsholma \u2013 \u00f6verv\u00e5ningen\" href=\"http:\/\/www.heljesten.nu\/?p=3702\">\u00d6verv\u00e5ningen<\/a><\/p>\n","protected":false},"excerpt":{"rendered":"<p>&nbsp; Lite l\u00e4nkar i sammanfattning: Hallen Vardagsrummet Kontoret Badrummet K\u00f6ket \u00d6verv\u00e5ningen<\/p>\n","protected":false},"author":1,"featured_media":0,"parent":0,"menu_order":0,"comment_status":"open","ping_status":"open","template":"","meta":[],"_links":{"self":[{"href":"https:\/\/www.heljesten.nu\/index.php?rest_route=\/wp\/v2\/pages\/3769"}],"collection":[{"href":"https:\/\/www.heljesten.nu\/index.php?rest_route=\/wp\/v2\/pages"}],"about":[{"href":"https:\/\/www.heljesten.nu\/index.php?rest_route=\/wp\/v2\/types\/page"}],"author":[{"embeddable":true,"href":"https:\/\/www.heljesten.nu\/index.php?rest_route=\/wp\/v2\/users\/1"}],"replies":[{"embeddable":true,"href":"https:\/\/www.heljesten.nu\/index.php?rest_route=%2Fwp%2Fv2%2Fcomments&post=3769"}],"version-history":[{"count":1,"href":"https:\/\/www.heljesten.nu\/index.php?rest_route=\/wp\/v2\/pages\/3769\/revisions"}],"predecessor-version":[{"id":3771,"href":"https:\/\/www.heljesten.nu\/index.php?rest_route=\/wp\/v2\/pages\/3769\/revisions\/3771"}],"wp:attachment":[{"href":"https:\/\/www.heljesten.nu\/index.php?rest_route=%2Fwp%2Fv2%2Fmedia&parent=3769"}],"curies":[{"name":"wp","href":"https:\/\/api.w.org\/{rel}","templated":true}]}}