{"id":1386,"date":"2012-12-09T16:51:53","date_gmt":"2012-12-09T15:51:53","guid":{"rendered":"http:\/\/www.heljesten.nu\/?page_id=1386"},"modified":"2012-12-09T16:51:53","modified_gmt":"2012-12-09T15:51:53","slug":"akvarell-termin-3","status":"publish","type":"page","link":"https:\/\/www.heljesten.nu\/?page_id=1386","title":{"rendered":"Akvarell, termin 3"},"content":{"rendered":"<p>Forts\u00e4tter hos Marianne \u00e4ven h\u00f6sten 2012. Innan terminen b\u00f6rjade var vi i Bourgogne sex veckor, vilket f\u00e5r inleda denna akvarellsamling.<\/p>\n<p>&nbsp;<\/p>\n<p><strong>Bourgogne<\/strong><\/p>\n<p>Det k\u00e4ndes som jag tappat stinget. Kanske gjorde jag f\u00f6r sv\u00e5ra motiv? Eller s\u00e5 hade det g\u00e5tt f\u00f6r l\u00e4nge sedan kursavslutningen i v\u00e5ras. N\u00e5gra bilder d\u00e4rifr\u00e5n iallafall:<\/p>\n<p><a href=\"http:\/\/4.bp.blogspot.com\/-HFHGBZTV2Vk\/UJad9KxGl9I\/AAAAAAAAFfE\/b0uBK_TrqUU\/s1600\/DSCN1901.jpg\"><img decoding=\"async\" loading=\"lazy\" src=\"http:\/\/4.bp.blogspot.com\/-HFHGBZTV2Vk\/UJad9KxGl9I\/AAAAAAAAFfE\/b0uBK_TrqUU\/s320\/DSCN1901.jpg\" alt=\"\" width=\"320\" height=\"214\" border=\"0\" \/><\/a><\/p>\n<p><em>En av de vackra vinkullarna i Sancerretrakten.<\/em><\/p>\n<p><a href=\"http:\/\/1.bp.blogspot.com\/-qbJoH-NXdZM\/UJad-fFyaFI\/AAAAAAAAFfM\/wbkhQNuKllo\/s1600\/DSCN1904.jpg\"><img decoding=\"async\" loading=\"lazy\" src=\"http:\/\/1.bp.blogspot.com\/-qbJoH-NXdZM\/UJad-fFyaFI\/AAAAAAAAFfM\/wbkhQNuKllo\/s320\/DSCN1904.jpg\" alt=\"\" width=\"320\" height=\"284\" border=\"0\" \/><\/a><\/p>\n<p><em>Bostadshus i Villeneuve-sur-Yonne.<\/em><\/p>\n<p><a href=\"http:\/\/1.bp.blogspot.com\/-MVSUjx1j2G8\/UJad_rQT2_I\/AAAAAAAAFfU\/2Sji2odynf0\/s1600\/DSCN1905.jpg\"><img decoding=\"async\" loading=\"lazy\" src=\"http:\/\/1.bp.blogspot.com\/-MVSUjx1j2G8\/UJad_rQT2_I\/AAAAAAAAFfU\/2Sji2odynf0\/s320\/DSCN1905.jpg\" alt=\"\" width=\"222\" height=\"320\" border=\"0\" \/><\/a><\/p>\n<p><em>Ett torn vid kanten av Yonne.<\/em><\/p>\n<p><em><br \/>\n<\/em><\/p>\n<p><strong>Natur<\/strong><\/p>\n<p>Naturbilder l\u00e4r det s\u00e4kert bli fler av, men nu p\u00e5 h\u00f6sten har vi b\u00f6rjat med att bland annat jobba med dimma.<\/p>\n<p><a href=\"http:\/\/1.bp.blogspot.com\/-FkNCguPCfOI\/UJaejHo5KAI\/AAAAAAAAFfc\/5XyGY3El_zs\/s1600\/DSCN1895.jpg\"><img decoding=\"async\" loading=\"lazy\" src=\"http:\/\/1.bp.blogspot.com\/-FkNCguPCfOI\/UJaejHo5KAI\/AAAAAAAAFfc\/5XyGY3El_zs\/s320\/DSCN1895.jpg\" alt=\"\" width=\"320\" height=\"217\" border=\"0\" \/><\/a><\/p>\n<p><em>En fri tolkning av Rolfs oljem\u00e5lning av Pia Almquist-Laurin.<\/em><\/p>\n<p><a href=\"http:\/\/1.bp.blogspot.com\/-yad3iPeQ0rw\/UJaekJA2swI\/AAAAAAAAFfk\/jqpITjX3q_c\/s1600\/DSCN1896.jpg\"><img decoding=\"async\" loading=\"lazy\" src=\"http:\/\/1.bp.blogspot.com\/-yad3iPeQ0rw\/UJaekJA2swI\/AAAAAAAAFfk\/jqpITjX3q_c\/s320\/DSCN1896.jpg\" alt=\"\" width=\"320\" height=\"242\" border=\"0\" \/><\/a><\/p>\n<p><em>Dimma p\u00e5 Yonne. <\/em><\/p>\n<p><a href=\"http:\/\/1.bp.blogspot.com\/-IGlCuxIx1aE\/UJaelNyj6tI\/AAAAAAAAFfs\/y2Ge6LvDEGA\/s1600\/DSCN1897.jpg\"><img decoding=\"async\" loading=\"lazy\" src=\"http:\/\/1.bp.blogspot.com\/-IGlCuxIx1aE\/UJaelNyj6tI\/AAAAAAAAFfs\/y2Ge6LvDEGA\/s320\/DSCN1897.jpg\" alt=\"\" width=\"320\" height=\"271\" border=\"0\" \/><\/a><\/p>\n<p><em>Vinterdimma p\u00e5 golfbanan.<\/em><\/p>\n<p><a href=\"http:\/\/1.bp.blogspot.com\/-23iutZRsOns\/UJaemKFd7yI\/AAAAAAAAFf0\/EGe4GCwZIt8\/s1600\/DSCN1898.jpg\"><img decoding=\"async\" loading=\"lazy\" src=\"http:\/\/1.bp.blogspot.com\/-23iutZRsOns\/UJaemKFd7yI\/AAAAAAAAFf0\/EGe4GCwZIt8\/s320\/DSCN1898.jpg\" alt=\"\" width=\"320\" height=\"214\" border=\"0\" \/><\/a><\/p>\n<p><em>N\u00e4ckrosg\u00f6l. V\u00e5tt i v\u00e5tt.<\/em><\/p>\n<p><a href=\"http:\/\/3.bp.blogspot.com\/-Ap4yT93S11w\/UJaenPyBbRI\/AAAAAAAAFf8\/WhYhTH2S_GA\/s1600\/DSCN1900.jpg\"><img decoding=\"async\" loading=\"lazy\" src=\"http:\/\/3.bp.blogspot.com\/-Ap4yT93S11w\/UJaenPyBbRI\/AAAAAAAAFf8\/WhYhTH2S_GA\/s320\/DSCN1900.jpg\" alt=\"\" width=\"211\" height=\"320\" border=\"0\" \/><\/a><\/p>\n<p><em>Tv\u00e5 vintermotiv med lavering av himmel och vatten.<\/em><\/p>\n<p><a href=\"http:\/\/4.bp.blogspot.com\/-yxDDs07C8Ug\/UJaeoKJw5PI\/AAAAAAAAFgE\/wZ2t3awobLo\/s1600\/DSCN1907.jpg\"><img decoding=\"async\" loading=\"lazy\" src=\"http:\/\/4.bp.blogspot.com\/-yxDDs07C8Ug\/UJaeoKJw5PI\/AAAAAAAAFgE\/wZ2t3awobLo\/s320\/DSCN1907.jpg\" alt=\"\" width=\"240\" height=\"320\" border=\"0\" \/><\/a><\/p>\n<p><em>Tv\u00e5 laveringar av vatten i m\u00e5nsken.<\/em><\/p>\n<p><a href=\"http:\/\/1.bp.blogspot.com\/-1IiKlSoFUUo\/UJaepbYgTxI\/AAAAAAAAFgM\/bm90xanTdZE\/s1600\/DSCN1908.jpg\"><img decoding=\"async\" loading=\"lazy\" src=\"http:\/\/1.bp.blogspot.com\/-1IiKlSoFUUo\/UJaepbYgTxI\/AAAAAAAAFgM\/bm90xanTdZE\/s320\/DSCN1908.jpg\" alt=\"\" width=\"282\" height=\"320\" border=\"0\" \/><\/a><\/p>\n<p><a href=\"http:\/\/3.bp.blogspot.com\/-VFh9ArSOHOs\/UJaeqfVWzsI\/AAAAAAAAFgU\/e5SGuj1otGA\/s1600\/DSCN1912.jpg\"><img decoding=\"async\" loading=\"lazy\" src=\"http:\/\/3.bp.blogspot.com\/-VFh9ArSOHOs\/UJaeqfVWzsI\/AAAAAAAAFgU\/e5SGuj1otGA\/s320\/DSCN1912.jpg\" alt=\"\" width=\"320\" height=\"246\" border=\"0\" \/><\/a><\/p>\n<p><em>En hastigt ihopkommen bergsm\u00e5lning<br \/>\nsom inte blev s\u00e5 tokig efter besk\u00e4rning.<\/em><\/p>\n<p><a href=\"http:\/\/1.bp.blogspot.com\/-q604iLsXI1Y\/UJ7iR_eEO5I\/AAAAAAAAFhw\/msYBfdHclUw\/s1600\/DSCN1918.jpg\"><img decoding=\"async\" loading=\"lazy\" src=\"http:\/\/1.bp.blogspot.com\/-q604iLsXI1Y\/UJ7iR_eEO5I\/AAAAAAAAFhw\/msYBfdHclUw\/s320\/DSCN1918.jpg\" alt=\"\" width=\"320\" height=\"86\" border=\"0\" \/><\/a><\/p>\n<p><em>Ytterligare bergsmotiv.<\/em><\/p>\n<p><a href=\"http:\/\/2.bp.blogspot.com\/-XHCNpAg4a2k\/UJ7iVmJsPQI\/AAAAAAAAFiI\/ihu-qPUlalk\/s1600\/DSCN1924.jpg\"><img decoding=\"async\" loading=\"lazy\" src=\"http:\/\/2.bp.blogspot.com\/-XHCNpAg4a2k\/UJ7iVmJsPQI\/AAAAAAAAFiI\/ihu-qPUlalk\/s320\/DSCN1924.jpg\" alt=\"\" width=\"245\" height=\"320\" border=\"0\" \/><\/a><\/p>\n<p><em>F\u00f6rsta f\u00f6rs\u00f6ket att g\u00f6ra moln.<\/em><\/p>\n<p><a href=\"http:\/\/3.bp.blogspot.com\/-bHJMcZfCLJw\/UJ7iTJPxaSI\/AAAAAAAAFh4\/IkKi_1zmKa0\/s1600\/DSCN1920.jpg\"><img decoding=\"async\" loading=\"lazy\" src=\"http:\/\/3.bp.blogspot.com\/-bHJMcZfCLJw\/UJ7iTJPxaSI\/AAAAAAAAFh4\/IkKi_1zmKa0\/s320\/DSCN1920.jpg\" alt=\"\" width=\"289\" height=\"320\" border=\"0\" \/><\/a><\/p>\n<p><em>Ytterligare en molnbild m\u00e5lad hemma.<\/em><\/p>\n<p><a href=\"http:\/\/3.bp.blogspot.com\/-9xuu-CIEKCs\/ULJHPa096BI\/AAAAAAAAFlE\/SIOkXOUDGFk\/s746\/djungel_b.jpg\"><img decoding=\"async\" loading=\"lazy\" src=\"http:\/\/3.bp.blogspot.com\/-9xuu-CIEKCs\/ULJHPa096BI\/AAAAAAAAFlE\/SIOkXOUDGFk\/s320\/djungel_b.jpg\" alt=\"\" width=\"240\" height=\"320\" border=\"0\" \/><\/a><\/p>\n<p><em>Vi fick blanda gr\u00f6na nyanser av bl\u00e5tt och gult och m\u00e5la enbart i gr\u00f6nt.<br \/>\nDjungel.<\/em><\/p>\n<p><a href=\"http:\/\/1.bp.blogspot.com\/-gQwWlIJWxQs\/ULJHPPj0LzI\/AAAAAAAAFk8\/MlLv1ydr3XY\/s795\/fj%C3%A4ll_is_b.jpg\"><img decoding=\"async\" loading=\"lazy\" src=\"http:\/\/1.bp.blogspot.com\/-gQwWlIJWxQs\/ULJHPPj0LzI\/AAAAAAAAFk8\/MlLv1ydr3XY\/s320\/fj%C3%A4ll_is_b.jpg\" alt=\"\" width=\"320\" height=\"103\" border=\"0\" \/><\/a><\/p>\n<p><em>Fj\u00e4ll vid islossningen.<\/em><\/p>\n<p><a href=\"http:\/\/2.bp.blogspot.com\/-Z5_Q76KF7mE\/ULJHj0No4EI\/AAAAAAAAFls\/X306Ysaaj2Q\/s794\/uppr%C3%B6rt_hav_b.jpg\"><img decoding=\"async\" loading=\"lazy\" src=\"http:\/\/2.bp.blogspot.com\/-Z5_Q76KF7mE\/ULJHj0No4EI\/AAAAAAAAFls\/X306Ysaaj2Q\/s320\/uppr%C3%B6rt_hav_b.jpg\" alt=\"\" width=\"320\" height=\"100\" border=\"0\" \/><\/a><\/p>\n<p><em>Uppr\u00f6rt hav.<\/em><\/p>\n<p><a href=\"http:\/\/4.bp.blogspot.com\/-wM3xxloD7BE\/ULJHPb8RJ5I\/AAAAAAAAFlA\/fALYVxSyhKs\/s795\/h%C3%A4star_b.jpg\"><img decoding=\"async\" loading=\"lazy\" src=\"http:\/\/4.bp.blogspot.com\/-wM3xxloD7BE\/ULJHPb8RJ5I\/AAAAAAAAFlA\/fALYVxSyhKs\/s320\/h%C3%A4star_b.jpg\" alt=\"\" width=\"320\" height=\"213\" border=\"0\" \/><\/a><\/p>\n<p><em>H\u00e4star p\u00e5 sj\u00f6\u00e4ngsbete.<\/em><\/p>\n<p>&nbsp;<\/p>\n<p><strong>Blommor<\/strong><\/p>\n<p><a href=\"http:\/\/3.bp.blogspot.com\/-QZnjC1r9PZE\/UJ7jDaV3g-I\/AAAAAAAAFiQ\/3ZDAgZu0lus\/s1600\/DSCN1913.jpg\"><img decoding=\"async\" loading=\"lazy\" src=\"http:\/\/3.bp.blogspot.com\/-QZnjC1r9PZE\/UJ7jDaV3g-I\/AAAAAAAAFiQ\/3ZDAgZu0lus\/s320\/DSCN1913.jpg\" alt=\"\" width=\"319\" height=\"320\" border=\"0\" \/><\/a><\/p>\n<p><em>Ny variant p\u00e5 blommor.<\/em><\/p>\n<p><a href=\"http:\/\/3.bp.blogspot.com\/-0neLB5GogL0\/ULJHTMr41VI\/AAAAAAAAFlg\/IEj_GYM83Q0\/s795\/fisk1_b.jpg\"><img decoding=\"async\" loading=\"lazy\" src=\"http:\/\/3.bp.blogspot.com\/-0neLB5GogL0\/ULJHTMr41VI\/AAAAAAAAFlg\/IEj_GYM83Q0\/s320\/fisk1_b.jpg\" alt=\"\" width=\"320\" height=\"295\" border=\"0\" \/><\/a><\/p>\n<p><em>Stilleben: fisk 1.<\/em><\/p>\n<p><a href=\"http:\/\/3.bp.blogspot.com\/-iE1xNitCoTA\/ULJHTCs5dCI\/AAAAAAAAFlc\/jGEPEPGBl7U\/s795\/fisk2_b.jpg\"><img decoding=\"async\" loading=\"lazy\" src=\"http:\/\/3.bp.blogspot.com\/-iE1xNitCoTA\/ULJHTCs5dCI\/AAAAAAAAFlc\/jGEPEPGBl7U\/s320\/fisk2_b.jpg\" alt=\"\" width=\"320\" height=\"231\" border=\"0\" \/><\/a><\/p>\n<p><em>Stilleben: fisk 2.<\/em><\/p>\n<p><strong><br \/>\n<\/strong><\/p>\n<p><strong>Hund<\/strong><\/p>\n<p><a href=\"http:\/\/3.bp.blogspot.com\/-7J9CesUyscU\/ULJHQ0C8vMI\/AAAAAAAAFlU\/f9LQZ0org_U\/s747\/inger_bostr%C3%B6m_lookalike_b.jpg\"><img decoding=\"async\" loading=\"lazy\" src=\"http:\/\/3.bp.blogspot.com\/-7J9CesUyscU\/ULJHQ0C8vMI\/AAAAAAAAFlU\/f9LQZ0org_U\/s320\/inger_bostr%C3%B6m_lookalike_b.jpg\" alt=\"\" width=\"314\" height=\"320\" border=\"0\" \/><\/a><\/p>\n<p><em>Avl\u00e4mning.<br \/>\nInspirerat av Inger Bostr\u00f6m.<\/em><\/p>\n","protected":false},"excerpt":{"rendered":"<p>Forts\u00e4tter hos Marianne \u00e4ven h\u00f6sten 2012. Innan terminen b\u00f6rjade var vi i Bourgogne sex veckor, vilket f\u00e5r inleda denna akvarellsamling. &nbsp; Bourgogne Det k\u00e4ndes som jag tappat stinget. Kanske gjorde jag f\u00f6r sv\u00e5ra motiv? Eller s\u00e5 hade det g\u00e5tt f\u00f6r l\u00e4nge sedan kursavslutningen i v\u00e5ras. N\u00e5gra bilder d\u00e4rifr\u00e5n iallafall: En av de vackra vinkullarna i [&hellip;]<\/p>\n","protected":false},"author":1,"featured_media":0,"parent":0,"menu_order":0,"comment_status":"open","ping_status":"open","template":"","meta":[],"_links":{"self":[{"href":"https:\/\/www.heljesten.nu\/index.php?rest_route=\/wp\/v2\/pages\/1386"}],"collection":[{"href":"https:\/\/www.heljesten.nu\/index.php?rest_route=\/wp\/v2\/pages"}],"about":[{"href":"https:\/\/www.heljesten.nu\/index.php?rest_route=\/wp\/v2\/types\/page"}],"author":[{"embeddable":true,"href":"https:\/\/www.heljesten.nu\/index.php?rest_route=\/wp\/v2\/users\/1"}],"replies":[{"embeddable":true,"href":"https:\/\/www.heljesten.nu\/index.php?rest_route=%2Fwp%2Fv2%2Fcomments&post=1386"}],"version-history":[{"count":1,"href":"https:\/\/www.heljesten.nu\/index.php?rest_route=\/wp\/v2\/pages\/1386\/revisions"}],"predecessor-version":[{"id":1387,"href":"https:\/\/www.heljesten.nu\/index.php?rest_route=\/wp\/v2\/pages\/1386\/revisions\/1387"}],"wp:attachment":[{"href":"https:\/\/www.heljesten.nu\/index.php?rest_route=%2Fwp%2Fv2%2Fmedia&parent=1386"}],"curies":[{"name":"wp","href":"https:\/\/api.w.org\/{rel}","templated":true}]}}