{"id":1394,"date":"2012-12-09T20:20:09","date_gmt":"2012-12-09T19:20:09","guid":{"rendered":"http:\/\/www.heljesten.nu\/?page_id=1394"},"modified":"2012-12-09T20:20:09","modified_gmt":"2012-12-09T19:20:09","slug":"akvarell","status":"publish","type":"page","link":"http:\/\/www.heljesten.nu\/?page_id=1394","title":{"rendered":"Akvarell"},"content":{"rendered":"<p>Jag m\u00e5lar akvarell sedan h\u00f6sten 2011 och g\u00e5r och l\u00e4r mig grunderna hos <a href=\"http:\/\/www.akvarellkurs.se\/\" target=\"_blank\">Marianne Chayet<\/a>.<\/p>\n<p>Hon har ett strukturerat uppl\u00e4gg med ett tema f\u00f6r varje tillf\u00e4lle s\u00e5 att v\u00e5ra kunskaper successivt byggs p\u00e5.<\/p>\n<p>Om jag har l\u00e4rt mig n\u00e5got f\u00e5r du som betraktare avg\u00f6ra. Men kul \u00e4r det och fler flikar h\u00e4runder l\u00e4r det bli. Jag l\u00e4gger successivt upp ett urval av de bilder jag gjort.\u00a0Vissa bilder \u00e4r m\u00e5lade p\u00e5 kursen, andra hemma, vissa med foto som fri f\u00f6rlaga.<\/p>\n<p><a href=\"http:\/\/www.heljesten.nu\/wp-content\/uploads\/2012\/12\/h\u00e4star_b.jpg\"><img decoding=\"async\" loading=\"lazy\" class=\"alignnone size-large wp-image-1395\" title=\"H\u00e4star\" src=\"http:\/\/www.heljesten.nu\/wp-content\/uploads\/2012\/12\/h\u00e4star_b-1024x682.jpg\" alt=\"H\u00e4star\" width=\"640\" height=\"426\" srcset=\"http:\/\/www.heljesten.nu\/wp-content\/uploads\/2012\/12\/h\u00e4star_b-1024x682.jpg 1024w, http:\/\/www.heljesten.nu\/wp-content\/uploads\/2012\/12\/h\u00e4star_b-300x200.jpg 300w, http:\/\/www.heljesten.nu\/wp-content\/uploads\/2012\/12\/h\u00e4star_b-449x300.jpg 449w, http:\/\/www.heljesten.nu\/wp-content\/uploads\/2012\/12\/h\u00e4star_b.jpg 1885w\" sizes=\"(max-width: 640px) 100vw, 640px\" \/><\/a><\/p>\n","protected":false},"excerpt":{"rendered":"<p>Jag m\u00e5lar akvarell sedan h\u00f6sten 2011 och g\u00e5r och l\u00e4r mig grunderna hos Marianne Chayet. Hon har ett strukturerat uppl\u00e4gg med ett tema f\u00f6r varje tillf\u00e4lle s\u00e5 att v\u00e5ra kunskaper successivt byggs p\u00e5. Om jag har l\u00e4rt mig n\u00e5got f\u00e5r du som betraktare avg\u00f6ra. Men kul \u00e4r det och fler flikar h\u00e4runder l\u00e4r det bli. [&hellip;]<\/p>\n","protected":false},"author":1,"featured_media":0,"parent":0,"menu_order":0,"comment_status":"open","ping_status":"open","template":"","meta":[],"_links":{"self":[{"href":"http:\/\/www.heljesten.nu\/index.php?rest_route=\/wp\/v2\/pages\/1394"}],"collection":[{"href":"http:\/\/www.heljesten.nu\/index.php?rest_route=\/wp\/v2\/pages"}],"about":[{"href":"http:\/\/www.heljesten.nu\/index.php?rest_route=\/wp\/v2\/types\/page"}],"author":[{"embeddable":true,"href":"http:\/\/www.heljesten.nu\/index.php?rest_route=\/wp\/v2\/users\/1"}],"replies":[{"embeddable":true,"href":"http:\/\/www.heljesten.nu\/index.php?rest_route=%2Fwp%2Fv2%2Fcomments&post=1394"}],"version-history":[{"count":1,"href":"http:\/\/www.heljesten.nu\/index.php?rest_route=\/wp\/v2\/pages\/1394\/revisions"}],"predecessor-version":[{"id":1396,"href":"http:\/\/www.heljesten.nu\/index.php?rest_route=\/wp\/v2\/pages\/1394\/revisions\/1396"}],"wp:attachment":[{"href":"http:\/\/www.heljesten.nu\/index.php?rest_route=%2Fwp%2Fv2%2Fmedia&parent=1394"}],"curies":[{"name":"wp","href":"https:\/\/api.w.org\/{rel}","templated":true}]}}