{"id":1384,"date":"2012-12-09T16:50:16","date_gmt":"2012-12-09T15:50:16","guid":{"rendered":"http:\/\/www.heljesten.nu\/?page_id=1384"},"modified":"2012-12-09T16:50:16","modified_gmt":"2012-12-09T15:50:16","slug":"akvarell-termin-2","status":"publish","type":"page","link":"http:\/\/www.heljesten.nu\/?page_id=1384","title":{"rendered":"Akvarell, termin 2"},"content":{"rendered":"<p>Jag fortsatte hos Marianne Chayet under v\u00e5ren 2012. En del av nedanst\u00e5ende bilder \u00e4r fr\u00e5n hennes lektioner, andra \u00e4r s\u00e5dant som jag arbetat med hemma eller p\u00e5 resa. Alla bilder \u00e4r fotade l\u00f6sa p\u00e5 ett bord, s\u00e5 urs\u00e4kta att de buktar en del. Precis som f\u00f6rra terminen \u00e4r syftet inte att visa hur fint (eller fult) jag m\u00e5lar, utan snarare p\u00e5 vilken niv\u00e5 jag st\u00e5r nu. F\u00f6rhoppningen \u00e4r man man kan sk\u00f6nja en f\u00f6r\u00e4ndring s\u00e5 sm\u00e5ningom, kanske till och med n\u00e5n slags inriktning p\u00e5 vad jag gillar och beh\u00e4rskar b\u00e4st. All konstruktiv kritik \u00e4r v\u00e4lkommen!<\/p>\n<p>&nbsp;<\/p>\n<p><strong>Mauritius<\/strong><\/p>\n<p>V\u00e5rterminen b\u00f6rjade med att Rolf och jag reste till Mauritius tv\u00e5 veckor i januari. N\u00e5gra m\u00e5lningar d\u00e4rifr\u00e5n:<\/p>\n<p><a href=\"http:\/\/4.bp.blogspot.com\/-7z1vaapybIc\/UJaL2rsBjmI\/AAAAAAAAFac\/RssJhZUpJ08\/s1600\/DSCN1884.jpg\"><img decoding=\"async\" loading=\"lazy\" src=\"http:\/\/4.bp.blogspot.com\/-7z1vaapybIc\/UJaL2rsBjmI\/AAAAAAAAFac\/RssJhZUpJ08\/s320\/DSCN1884.jpg\" alt=\"\" width=\"320\" height=\"241\" border=\"0\" \/><\/a><\/p>\n<p><em>Havet \u00e4r sv\u00e5rt att f\u00e5nga.<\/em><\/p>\n<p><a href=\"http:\/\/1.bp.blogspot.com\/-q1bDSt5DtLs\/UJaL3ptvbCI\/AAAAAAAAFag\/JqytRa7admc\/s1600\/DSCN1885.jpg\"><img decoding=\"async\" loading=\"lazy\" src=\"http:\/\/1.bp.blogspot.com\/-q1bDSt5DtLs\/UJaL3ptvbCI\/AAAAAAAAFag\/JqytRa7admc\/s320\/DSCN1885.jpg\" alt=\"\" width=\"248\" height=\"320\" border=\"0\" \/><\/a><\/p>\n<p><em>Ett flamboyanttr\u00e4d.<\/em><\/p>\n<p><a href=\"http:\/\/1.bp.blogspot.com\/-1ZcsNkUJJZQ\/UJaL52mkpHI\/AAAAAAAAFa0\/IKg2oxooUkY\/s1600\/DSCN1888.jpg\"><img decoding=\"async\" loading=\"lazy\" src=\"http:\/\/1.bp.blogspot.com\/-1ZcsNkUJJZQ\/UJaL52mkpHI\/AAAAAAAAFa0\/IKg2oxooUkY\/s320\/DSCN1888.jpg\" alt=\"\" width=\"320\" height=\"247\" border=\"0\" \/><\/a><\/p>\n<p><em>S\u00f6derut p\u00e5 \u00f6n fanns skapligt h\u00f6ga berg.<\/em><\/p>\n<p><a href=\"http:\/\/2.bp.blogspot.com\/-EC2j130gvEw\/UJaL6yqPGtI\/AAAAAAAAFa8\/M5uhLUHxVhg\/s1600\/DSCN1889.jpg\"><img decoding=\"async\" loading=\"lazy\" src=\"http:\/\/2.bp.blogspot.com\/-EC2j130gvEw\/UJaL6yqPGtI\/AAAAAAAAFa8\/M5uhLUHxVhg\/s320\/DSCN1889.jpg\" alt=\"\" width=\"251\" height=\"320\" border=\"0\" \/><\/a><\/p>\n<p><em>F\u00f6rs\u00f6k att f\u00e5 till palmerna.<\/em><\/p>\n<p><a href=\"http:\/\/2.bp.blogspot.com\/-WqYXufhWbm4\/UJaL78DSNjI\/AAAAAAAAFbE\/Es4FLdrNaFU\/s1600\/DSCN1890.jpg\"><img decoding=\"async\" loading=\"lazy\" src=\"http:\/\/2.bp.blogspot.com\/-WqYXufhWbm4\/UJaL78DSNjI\/AAAAAAAAFbE\/Es4FLdrNaFU\/s320\/DSCN1890.jpg\" alt=\"\" width=\"320\" height=\"237\" border=\"0\" \/><\/a><\/p>\n<p><em>Solnedg\u00e5ng fr\u00e5n v\u00e5rt hotell.<\/em><\/p>\n<p><a href=\"http:\/\/3.bp.blogspot.com\/-kZpwjWHw1Ko\/UJaL86f3V-I\/AAAAAAAAFbM\/iXqUQ4sRe_U\/s1600\/DSCN1893.jpg\"><img decoding=\"async\" loading=\"lazy\" src=\"http:\/\/3.bp.blogspot.com\/-kZpwjWHw1Ko\/UJaL86f3V-I\/AAAAAAAAFbM\/iXqUQ4sRe_U\/s320\/DSCN1893.jpg\" alt=\"\" width=\"320\" height=\"255\" border=\"0\" \/><\/a><\/p>\n<p><em>Stenig strand till v\u00e4nster om hotellet.<\/em><\/p>\n<p><strong>Blommor<\/strong><\/p>\n<p>Eller Stilleben, borde denna grupp kanske heta. Helt disparata m\u00e5lningar i olika stilar.<\/p>\n<p><a href=\"http:\/\/1.bp.blogspot.com\/-08YavC7sHXo\/UJaKEyoFqBI\/AAAAAAAAFZ0\/qImPBua77p0\/s1600\/DSCN1862.jpg\"><img decoding=\"async\" loading=\"lazy\" src=\"http:\/\/1.bp.blogspot.com\/-08YavC7sHXo\/UJaKEyoFqBI\/AAAAAAAAFZ0\/qImPBua77p0\/s320\/DSCN1862.jpg\" alt=\"\" width=\"320\" height=\"217\" border=\"0\" \/><\/a><\/p>\n<p><em>Vita blommor med laverad bakgrund.<\/em><\/p>\n<p><a href=\"http:\/\/1.bp.blogspot.com\/-xLzgA3B_Zj0\/UJaKF-srxTI\/AAAAAAAAFZ8\/Jw2gYIYYzfQ\/s1600\/DSCN1879.jpg\"><img decoding=\"async\" loading=\"lazy\" src=\"http:\/\/1.bp.blogspot.com\/-xLzgA3B_Zj0\/UJaKF-srxTI\/AAAAAAAAFZ8\/Jw2gYIYYzfQ\/s320\/DSCN1879.jpg\" alt=\"\" width=\"320\" height=\"239\" border=\"0\" \/><\/a><\/p>\n<p><em>De h\u00e4r n\u00e4ckrosorna skulle kunna ha platsat in under Mauritius,<br \/>\nmen faktiskt gjorde vi dem p\u00e5 kursen f\u00f6r Marianne.<\/em><\/p>\n<p><a href=\"http:\/\/4.bp.blogspot.com\/-1C9tTmAhXWY\/UJaKG1a2rvI\/AAAAAAAAFaE\/NGaQ0-Ztol8\/s1600\/DSCN1880.jpg\"><img decoding=\"async\" loading=\"lazy\" src=\"http:\/\/4.bp.blogspot.com\/-1C9tTmAhXWY\/UJaKG1a2rvI\/AAAAAAAAFaE\/NGaQ0-Ztol8\/s320\/DSCN1880.jpg\" alt=\"\" width=\"246\" height=\"320\" border=\"0\" \/><\/a><\/p>\n<p><em>Ett f\u00f6rsta f\u00f6rs\u00f6k med akvarellkritor.<\/em><\/p>\n<p><a href=\"http:\/\/1.bp.blogspot.com\/-nHMEarEYcwE\/UJaKH0zduYI\/AAAAAAAAFaM\/R_sck--fm6k\/s1600\/DSCN1902.jpg\"><img decoding=\"async\" loading=\"lazy\" src=\"http:\/\/1.bp.blogspot.com\/-nHMEarEYcwE\/UJaKH0zduYI\/AAAAAAAAFaM\/R_sck--fm6k\/s320\/DSCN1902.jpg\" alt=\"\" width=\"320\" height=\"240\" border=\"0\" \/><\/a><\/p>\n<p><em>Vallmo 1.<\/em><\/p>\n<p><a href=\"http:\/\/2.bp.blogspot.com\/-9kvIXFMteBo\/UJaKI4wTUwI\/AAAAAAAAFaQ\/hKCL6pARm5I\/s1600\/DSCN1903.jpg\"><img decoding=\"async\" loading=\"lazy\" src=\"http:\/\/2.bp.blogspot.com\/-9kvIXFMteBo\/UJaKI4wTUwI\/AAAAAAAAFaQ\/hKCL6pARm5I\/s320\/DSCN1903.jpg\" alt=\"\" width=\"320\" height=\"240\" border=\"0\" \/><\/a><\/p>\n<p><em>Vallmo 2.<\/em><\/p>\n<p><em><br \/>\n<\/em><\/p>\n<p><strong>Natur<\/strong><\/p>\n<p>Naturbilder l\u00e4mpar sig v\u00e4l f\u00f6r akvarell, tycker jag, s\u00e4rskilt om man m\u00e5lar v\u00e5tt i v\u00e5tt. Kr\u00e4ver snabbhet och \u00e4r r\u00e4tt sv\u00e5rt, men kan bli verkligt effektfullt om man lyckas. Ett urval av v\u00e5rens naturbilder:<\/p>\n<p><a href=\"http:\/\/1.bp.blogspot.com\/-CdozSGyPSLY\/UJaSGvQBtoI\/AAAAAAAAFbk\/dr4ERJ7mGeg\/s1600\/DSCN1867.jpg\"><img decoding=\"async\" loading=\"lazy\" src=\"http:\/\/1.bp.blogspot.com\/-CdozSGyPSLY\/UJaSGvQBtoI\/AAAAAAAAFbk\/dr4ERJ7mGeg\/s320\/DSCN1867.jpg\" alt=\"\" width=\"237\" height=\"320\" border=\"0\" \/><\/a><\/p>\n<p><em>V\u00e5tt i v\u00e5tt.<\/em><\/p>\n<p><a href=\"http:\/\/1.bp.blogspot.com\/-DuARCOqKBAg\/UJaSHnugBII\/AAAAAAAAFbo\/fr2MGUMr8RU\/s1600\/DSCN1868.jpg\"><img decoding=\"async\" loading=\"lazy\" src=\"http:\/\/1.bp.blogspot.com\/-DuARCOqKBAg\/UJaSHnugBII\/AAAAAAAAFbo\/fr2MGUMr8RU\/s320\/DSCN1868.jpg\" alt=\"\" width=\"320\" height=\"240\" border=\"0\" \/><\/a><\/p>\n<p><a href=\"http:\/\/4.bp.blogspot.com\/-j9zWHhp4omc\/UJaSIg8CQ_I\/AAAAAAAAFb0\/C9jNejWMbyw\/s1600\/DSCN1869.jpg\"><img decoding=\"async\" loading=\"lazy\" src=\"http:\/\/4.bp.blogspot.com\/-j9zWHhp4omc\/UJaSIg8CQ_I\/AAAAAAAAFb0\/C9jNejWMbyw\/s320\/DSCN1869.jpg\" alt=\"\" width=\"320\" height=\"240\" border=\"0\" \/><\/a><\/p>\n<p><em>Lavering. Kunde lika g\u00e4rna ha hamnat i kategorin Urbant,<br \/>\nd\u00e4r det finns fler varianter p\u00e5 detta tema.<br \/>\nTrots allt tyckte jag den h\u00e4r var mer natur \u00e4n urban.<\/em><\/p>\n<p><a href=\"http:\/\/2.bp.blogspot.com\/-8DvLQIJavG8\/UJaSJ2buzHI\/AAAAAAAAFb8\/6kZLuHm5X94\/s1600\/DSCN1874.jpg\"><img decoding=\"async\" loading=\"lazy\" src=\"http:\/\/2.bp.blogspot.com\/-8DvLQIJavG8\/UJaSJ2buzHI\/AAAAAAAAFb8\/6kZLuHm5X94\/s320\/DSCN1874.jpg\" alt=\"\" width=\"280\" height=\"320\" border=\"0\" \/><\/a><\/p>\n<p><a href=\"http:\/\/4.bp.blogspot.com\/-LcnWofHBF1k\/UJaSK00n2QI\/AAAAAAAAFcE\/cJdkiHMxQYE\/s1600\/DSCN1875.jpg\"><img decoding=\"async\" loading=\"lazy\" src=\"http:\/\/4.bp.blogspot.com\/-LcnWofHBF1k\/UJaSK00n2QI\/AAAAAAAAFcE\/cJdkiHMxQYE\/s320\/DSCN1875.jpg\" alt=\"\" width=\"320\" height=\"238\" border=\"0\" \/><\/a><\/p>\n<p><em>V\u00e5tt i v\u00e5tt.<\/em><\/p>\n<p><a href=\"http:\/\/2.bp.blogspot.com\/-mCBajsSaTWE\/UJaSMNTo1VI\/AAAAAAAAFcM\/J7T6Pl7tBM8\/s1600\/DSCN1882.jpg\"><img decoding=\"async\" loading=\"lazy\" src=\"http:\/\/2.bp.blogspot.com\/-mCBajsSaTWE\/UJaSMNTo1VI\/AAAAAAAAFcM\/J7T6Pl7tBM8\/s320\/DSCN1882.jpg\" alt=\"\" width=\"320\" height=\"272\" border=\"0\" \/><\/a><\/p>\n<p><em>Laveringar p\u00e5 samma tema.<\/em><\/p>\n<p><a href=\"http:\/\/2.bp.blogspot.com\/-jUW7IF9xCQ8\/UJaSNFwt44I\/AAAAAAAAFcU\/Fh0o7sW95Dw\/s1600\/DSCN1886.jpg\"><img decoding=\"async\" loading=\"lazy\" src=\"http:\/\/2.bp.blogspot.com\/-jUW7IF9xCQ8\/UJaSNFwt44I\/AAAAAAAAFcU\/Fh0o7sW95Dw\/s320\/DSCN1886.jpg\" alt=\"\" width=\"320\" height=\"233\" border=\"0\" \/><\/a><\/p>\n<p><em>M\u00f6jligen ett motiv fr\u00e5n Mauritius.<\/em><\/p>\n<p>&nbsp;<\/p>\n<p><strong>Urbant<\/strong><\/p>\n<p>Vi fick p\u00e5 kursen testa en l\u00e4cker metod att m\u00e5la skyskrapor. H\u00e4r n\u00e5gra varianter p\u00e5 detta tema.<\/p>\n<p><a href=\"http:\/\/2.bp.blogspot.com\/-ZQRYhtUI0sQ\/UJaU3ssOEOI\/AAAAAAAAFc4\/n6g4L4yuf1Q\/s1600\/DSCN1866.jpg\"><img decoding=\"async\" loading=\"lazy\" src=\"http:\/\/2.bp.blogspot.com\/-ZQRYhtUI0sQ\/UJaU3ssOEOI\/AAAAAAAAFc4\/n6g4L4yuf1Q\/s320\/DSCN1866.jpg\" alt=\"\" width=\"320\" height=\"237\" border=\"0\" \/><\/a><\/p>\n<p><em>Glittrande stad p\u00e5 andra sidan vattnet.<\/em><\/p>\n<p><a href=\"http:\/\/3.bp.blogspot.com\/-N4y_ywm08h4\/UJaU4oLjDwI\/AAAAAAAAFdA\/uTbN-X9HXf4\/s1600\/DSCN1878.jpg\"><img decoding=\"async\" loading=\"lazy\" src=\"http:\/\/3.bp.blogspot.com\/-N4y_ywm08h4\/UJaU4oLjDwI\/AAAAAAAAFdA\/uTbN-X9HXf4\/s320\/DSCN1878.jpg\" alt=\"\" width=\"240\" height=\"320\" border=\"0\" \/><\/a><\/p>\n<p><em>Skyskrapor.<\/em><\/p>\n<p><a href=\"http:\/\/4.bp.blogspot.com\/-fhI_Gl8Vxso\/UJaU5rFq-CI\/AAAAAAAAFdI\/I3u8TsSMDpE\/s1600\/DSCN1892.jpg\"><img decoding=\"async\" loading=\"lazy\" src=\"http:\/\/4.bp.blogspot.com\/-fhI_Gl8Vxso\/UJaU5rFq-CI\/AAAAAAAAFdI\/I3u8TsSMDpE\/s320\/DSCN1892.jpg\" alt=\"\" width=\"318\" height=\"320\" border=\"0\" \/><\/a><\/p>\n<p><em>Stad p\u00e5 andra sidan vattnet.<\/em><\/p>\n<p><a href=\"http:\/\/3.bp.blogspot.com\/-IlkYCnTCyc8\/UJaU6usXGAI\/AAAAAAAAFdM\/Oe8_2FOCBlo\/s1600\/DSCN1909.jpg\"><img decoding=\"async\" loading=\"lazy\" src=\"http:\/\/3.bp.blogspot.com\/-IlkYCnTCyc8\/UJaU6usXGAI\/AAAAAAAAFdM\/Oe8_2FOCBlo\/s320\/DSCN1909.jpg\" alt=\"\" width=\"320\" height=\"293\" border=\"0\" \/><\/a><\/p>\n<p><em>Skyskrapor.<\/em><\/p>\n<p><a href=\"http:\/\/3.bp.blogspot.com\/-RuTKUl23Nxo\/UJaV4_N7l9I\/AAAAAAAAFdY\/YLWkParffOM\/s1600\/DSCN1870.jpg\"><img decoding=\"async\" loading=\"lazy\" src=\"http:\/\/3.bp.blogspot.com\/-RuTKUl23Nxo\/UJaV4_N7l9I\/AAAAAAAAFdY\/YLWkParffOM\/s320\/DSCN1870.jpg\" alt=\"\" width=\"320\" height=\"182\" border=\"0\" \/><\/a><\/p>\n<p><em>Fritt tolkad efter en <\/em><em>m\u00e5lning av Nora Dalzell som <\/em><em>Sara och jag s\u00e5g i London i mars.<\/em><\/p>\n<p>&nbsp;<\/p>\n<p><strong>Hus<\/strong><\/p>\n<p>Andra hus \u00e4n skyskrapor, d\u00e5. Det \u00e4r knepigt att f\u00e5 till vinklar och proportioner.<\/p>\n<p><a href=\"http:\/\/3.bp.blogspot.com\/-Rmelg3Xbtwc\/UJaXJpdqiRI\/AAAAAAAAFdg\/veBO0j4ksdo\/s1600\/DSCN1864.jpg\"><img decoding=\"async\" loading=\"lazy\" src=\"http:\/\/3.bp.blogspot.com\/-Rmelg3Xbtwc\/UJaXJpdqiRI\/AAAAAAAAFdg\/veBO0j4ksdo\/s320\/DSCN1864.jpg\" alt=\"\" width=\"320\" height=\"237\" border=\"0\" \/><\/a><\/p>\n<p><em>Stilstudie p\u00e5 gamla hus.<\/em><\/p>\n<p><a href=\"http:\/\/1.bp.blogspot.com\/-qP3nfiPSKik\/UJaX0XltR5I\/AAAAAAAAFd4\/Mx91znh5-J8\/s1600\/DSCN1876.jpg\"><img decoding=\"async\" loading=\"lazy\" src=\"http:\/\/1.bp.blogspot.com\/-qP3nfiPSKik\/UJaX0XltR5I\/AAAAAAAAFd4\/Mx91znh5-J8\/s320\/DSCN1876.jpg\" alt=\"\" width=\"320\" height=\"231\" border=\"0\" \/><\/a><\/p>\n<p><em>Gotland, kanske?<\/em><\/p>\n<p><a href=\"http:\/\/3.bp.blogspot.com\/-uk7KA0WMqBQ\/UJaXKfYqPuI\/AAAAAAAAFdo\/lgTbTtisyQo\/s1600\/DSCN1865.jpg\"><img decoding=\"async\" loading=\"lazy\" src=\"http:\/\/3.bp.blogspot.com\/-uk7KA0WMqBQ\/UJaXKfYqPuI\/AAAAAAAAFdo\/lgTbTtisyQo\/s320\/DSCN1865.jpg\" alt=\"\" width=\"237\" height=\"320\" border=\"0\" \/><\/a><\/p>\n<p><em>Gammal husv\u00e4gg med halvtrasigt f\u00f6nster.<\/em><\/p>\n<p><a href=\"http:\/\/4.bp.blogspot.com\/-v6o7q1pj3Fc\/UJaXLkqhgfI\/AAAAAAAAFdw\/u0cKsWUOWlQ\/s1600\/DSCN1883.jpg\"><img decoding=\"async\" loading=\"lazy\" src=\"http:\/\/4.bp.blogspot.com\/-v6o7q1pj3Fc\/UJaXLkqhgfI\/AAAAAAAAFdw\/u0cKsWUOWlQ\/s320\/DSCN1883.jpg\" alt=\"\" width=\"320\" height=\"227\" border=\"0\" \/><\/a><\/p>\n<p><em>Uthus p\u00e5 landet.<\/em><\/p>\n<p>&nbsp;<\/p>\n<p><strong>F\u00e5r<\/strong><\/p>\n<p>Uthuset leder ju l\u00e4tt vidare till f\u00e5rbilderna. Vi hade en <a href=\"http:\/\/skogsstjrna.blogspot.se\/2012\/04\/sista-akvarellkursen.html\" data-blogger-escaped-target=\"_blank\">lektion <\/a>med f\u00e5r, sedan har jag jobbat vidare hemma med lite olika varianter.<\/p>\n<p><a href=\"http:\/\/3.bp.blogspot.com\/-nXSKlMs5pxs\/UJaZlIEcJXI\/AAAAAAAAFeA\/csH8RntW3Jw\/s1600\/DSCN1871.jpg\"><img decoding=\"async\" loading=\"lazy\" src=\"http:\/\/3.bp.blogspot.com\/-nXSKlMs5pxs\/UJaZlIEcJXI\/AAAAAAAAFeA\/csH8RntW3Jw\/s320\/DSCN1871.jpg\" alt=\"\" width=\"320\" height=\"242\" border=\"0\" \/><\/a><\/p>\n<p><a href=\"http:\/\/4.bp.blogspot.com\/-Dwih0cGT3aU\/UJaZmeGMz6I\/AAAAAAAAFeI\/H3Ncs0uRHCQ\/s1600\/DSCN1872.jpg\"><img decoding=\"async\" loading=\"lazy\" src=\"http:\/\/4.bp.blogspot.com\/-Dwih0cGT3aU\/UJaZmeGMz6I\/AAAAAAAAFeI\/H3Ncs0uRHCQ\/s320\/DSCN1872.jpg\" alt=\"\" width=\"320\" height=\"240\" border=\"0\" \/><\/a><\/p>\n<p><a href=\"http:\/\/3.bp.blogspot.com\/-AM511OywGTw\/UJaZnZ9pDgI\/AAAAAAAAFeQ\/21S7f1utPVE\/s1600\/DSCN1873.jpg\"><img decoding=\"async\" loading=\"lazy\" src=\"http:\/\/3.bp.blogspot.com\/-AM511OywGTw\/UJaZnZ9pDgI\/AAAAAAAAFeQ\/21S7f1utPVE\/s320\/DSCN1873.jpg\" alt=\"\" width=\"320\" height=\"234\" border=\"0\" \/><\/a><\/p>\n<p><a href=\"http:\/\/2.bp.blogspot.com\/-9k-PfkHGThM\/UJaZofUpAWI\/AAAAAAAAFeY\/6PFV3t1bKsk\/s1600\/DSCN1877.jpg\"><img decoding=\"async\" loading=\"lazy\" src=\"http:\/\/2.bp.blogspot.com\/-9k-PfkHGThM\/UJaZofUpAWI\/AAAAAAAAFeY\/6PFV3t1bKsk\/s320\/DSCN1877.jpg\" alt=\"\" width=\"242\" height=\"320\" border=\"0\" \/><\/a><\/p>\n<p><em>Variant gjord med akvarellkritor.<\/em><\/p>\n<p><a href=\"http:\/\/1.bp.blogspot.com\/-HWtkvTSs9vA\/UJaZpJEDgDI\/AAAAAAAAFeg\/P_xil7Rbtl8\/s1600\/DSCN1910.jpg\"><img decoding=\"async\" loading=\"lazy\" src=\"http:\/\/1.bp.blogspot.com\/-HWtkvTSs9vA\/UJaZpJEDgDI\/AAAAAAAAFeg\/P_xil7Rbtl8\/s320\/DSCN1910.jpg\" alt=\"\" width=\"320\" height=\"319\" border=\"0\" \/><\/a><\/p>\n<p><a href=\"http:\/\/3.bp.blogspot.com\/-K9FgPro7A7I\/UJaZqKOGgTI\/AAAAAAAAFeo\/miu5WNwUFfg\/s1600\/DSCN1911.jpg\"><img decoding=\"async\" loading=\"lazy\" src=\"http:\/\/3.bp.blogspot.com\/-K9FgPro7A7I\/UJaZqKOGgTI\/AAAAAAAAFeo\/miu5WNwUFfg\/s320\/DSCN1911.jpg\" alt=\"\" width=\"320\" height=\"253\" border=\"0\" \/><\/a><\/p>\n<p>&nbsp;<\/p>\n","protected":false},"excerpt":{"rendered":"<p>Jag fortsatte hos Marianne Chayet under v\u00e5ren 2012. En del av nedanst\u00e5ende bilder \u00e4r fr\u00e5n hennes lektioner, andra \u00e4r s\u00e5dant som jag arbetat med hemma eller p\u00e5 resa. Alla bilder \u00e4r fotade l\u00f6sa p\u00e5 ett bord, s\u00e5 urs\u00e4kta att de buktar en del. Precis som f\u00f6rra terminen \u00e4r syftet inte att visa hur fint (eller [&hellip;]<\/p>\n","protected":false},"author":1,"featured_media":0,"parent":0,"menu_order":0,"comment_status":"open","ping_status":"open","template":"","meta":[],"_links":{"self":[{"href":"http:\/\/www.heljesten.nu\/index.php?rest_route=\/wp\/v2\/pages\/1384"}],"collection":[{"href":"http:\/\/www.heljesten.nu\/index.php?rest_route=\/wp\/v2\/pages"}],"about":[{"href":"http:\/\/www.heljesten.nu\/index.php?rest_route=\/wp\/v2\/types\/page"}],"author":[{"embeddable":true,"href":"http:\/\/www.heljesten.nu\/index.php?rest_route=\/wp\/v2\/users\/1"}],"replies":[{"embeddable":true,"href":"http:\/\/www.heljesten.nu\/index.php?rest_route=%2Fwp%2Fv2%2Fcomments&post=1384"}],"version-history":[{"count":1,"href":"http:\/\/www.heljesten.nu\/index.php?rest_route=\/wp\/v2\/pages\/1384\/revisions"}],"predecessor-version":[{"id":1385,"href":"http:\/\/www.heljesten.nu\/index.php?rest_route=\/wp\/v2\/pages\/1384\/revisions\/1385"}],"wp:attachment":[{"href":"http:\/\/www.heljesten.nu\/index.php?rest_route=%2Fwp%2Fv2%2Fmedia&parent=1384"}],"curies":[{"name":"wp","href":"https:\/\/api.w.org\/{rel}","templated":true}]}}